{"id":5736,"date":"2017-05-10T15:20:26","date_gmt":"2017-05-10T13:20:26","guid":{"rendered":"http:\/\/tischner.pl\/zyciorys\/?page_id=5736"},"modified":"2017-05-10T15:20:26","modified_gmt":"2017-05-10T13:20:26","slug":"powiedzieli-o-tischnerze","status":"publish","type":"page","link":"https:\/\/tischner.pl\/zyciorys\/powiedzieli-o-tischnerze\/","title":{"rendered":"Powiedzieli o Tischnerze"},"content":{"rendered":"<div class=\"fusion-fullwidth fullwidth-box fusion-builder-row-1 nonhundred-percent-fullwidth non-hundred-percent-height-scrolling\" style=\"background-color: rgba(255,255,255,0);background-position: center center;background-repeat: no-repeat;padding-top:0px;padding-right:0px;padding-bottom:0px;padding-left:0px;margin-bottom: 0px;margin-top: 0px;border-width: 0px 0px 0px 0px;border-color:#eae9e9;border-style:solid;\" ><div class=\"fusion-builder-row fusion-row\"><div class=\"fusion-layout-column fusion_builder_column fusion-builder-column-0 fusion_builder_column_1_1 1_1 fusion-one-full fusion-column-first fusion-column-last\" style=\"margin-top:0px;margin-bottom:20px;\"><div class=\"fusion-column-wrapper fusion-flex-column-wrapper-legacy\" style=\"background-position:left top;background-repeat:no-repeat;-webkit-background-size:cover;-moz-background-size:cover;-o-background-size:cover;background-size:cover;padding: 0px 0px 0px 0px;\"><style type=\"text\/css\"><\/style><div class=\"fusion-title title fusion-title-1 fusion-sep-none fusion-title-text fusion-title-size-one\" style=\"margin-top:0px;margin-bottom:31px;\"><h1 class=\"title-heading-left\" style=\"margin:0;\">Powiedzieli o Tischnerze<\/h1><\/div><div class=\"fusion-recent-posts fusion-recent-posts-1 avada-container layout-thumbnails-on-side layout-columns-1\"><section class=\"fusion-columns columns fusion-columns-1 columns-1\"><article class=\"post fusion-column column col col-lg-12 col-md-12 col-sm-12\"><div class=\"recent-posts-content\"><span class=\"vcard\" style=\"display: none;\"><span class=\"fn\"><a href=\"https:\/\/tischner.pl\/zyciorys\/author\/pawel-sikora\/\" title=\"Wpisy od sikora\" rel=\"author\">sikora<\/a><\/span><\/span><span class=\"updated\" style=\"display:none;\">2017-05-10T15:24:11+02:00<\/span><h4 class=\"entry-title\"><a href=\"https:\/\/tischner.pl\/zyciorys\/henryk-wozniakowski\/\">Henryk Wo\u017aniakowski<\/a><\/h4><p> J\u00f3zek Tischner, Ksi\u0105dz Profesor, wyda\u0142 w naszym wydawnictwie pi\u0119tna\u015bcie ksi\u0105\u017cek, kilka dziesi\u0105tk\u00f3w esej\u00f3w i rozpraw zamie\u015bci\u0142 w miesi\u0119czniku \"Znak\", a w \"Tygodniku Powszechnym\" dobrych kilka setek artyku\u0142\u00f3w. Dziesi\u0105tki, setki tysi\u0119cy ksi\u0105\u017cek, kt\u00f3re posz\u0142y mi\u0119dzy [...]<\/p><\/div><\/article><article class=\"post fusion-column column col col-lg-12 col-md-12 col-sm-12\"><div class=\"recent-posts-content\"><span class=\"vcard\" style=\"display: none;\"><span class=\"fn\"><a href=\"https:\/\/tischner.pl\/zyciorys\/author\/pawel-sikora\/\" title=\"Wpisy od sikora\" rel=\"author\">sikora<\/a><\/span><\/span><span class=\"updated\" style=\"display:none;\">2017-05-10T15:22:42+02:00<\/span><h4 class=\"entry-title\"><a href=\"https:\/\/tischner.pl\/zyciorys\/dorota-zanko\/\">Dorota Za\u0144ko<\/a><\/h4><p> Kiedy w 1998 roku zacz\u0119li\u015bmy z Jarkiem Gowinem nagrania do ksi\u0105\u017cki \"Przekona\u0107 Pana Boga\", Ksi\u0105dz m\u00f3wi\u0142 ju\u017c tylko wysilonym szeptem. Nagrywali\u015bmy w \u0141opusznej, bo On ucieka\u0142 tam, jak tylko ko\u0144czy\u0142 obowi\u0105zkowe badania w Krakowie. [...]<\/p><\/div><\/article><article class=\"post fusion-column column col col-lg-12 col-md-12 col-sm-12\"><div class=\"recent-posts-content\"><span class=\"vcard\" style=\"display: none;\"><span class=\"fn\"><a href=\"https:\/\/tischner.pl\/zyciorys\/author\/pawel-sikora\/\" title=\"Wpisy od sikora\" rel=\"author\">sikora<\/a><\/span><\/span><span class=\"updated\" style=\"display:none;\">2017-05-10T15:15:25+02:00<\/span><h4 class=\"entry-title\"><a href=\"https:\/\/tischner.pl\/zyciorys\/jaroslaw-gowin\/\">Jaros\u0142aw Gowin<\/a><\/h4><p> Pisa\u0107 o zamkni\u0119tym \u017cyciu jednego cz\u0142owieka to pisa\u0107 o ca\u0142ym wygas\u0142ym wszech\u015bwiecie. Jednym z niesko\u0144czenie wielu i niepowtarzalnym. Jak sprowadzi\u0107 to \u017cycie do wsp\u00f3lnego mianownika? Jak w kilkunastu zdaniach stre\u015bci\u0107 nauk\u0119 p\u0142yn\u0105c\u0105 ze \u015bwiadectwa [...]<\/p><\/div><\/article><\/section><\/div><div class=\"fusion-clearfix\"><\/div><\/div><\/div><\/div><\/div>\n","protected":false},"excerpt":{"rendered":"","protected":false},"author":1,"featured_media":0,"parent":0,"menu_order":0,"comment_status":"closed","ping_status":"closed","template":"","meta":[],"_links":{"self":[{"href":"https:\/\/tischner.pl\/zyciorys\/wp-json\/wp\/v2\/pages\/5736"}],"collection":[{"href":"https:\/\/tischner.pl\/zyciorys\/wp-json\/wp\/v2\/pages"}],"about":[{"href":"https:\/\/tischner.pl\/zyciorys\/wp-json\/wp\/v2\/types\/page"}],"author":[{"embeddable":true,"href":"https:\/\/tischner.pl\/zyciorys\/wp-json\/wp\/v2\/users\/1"}],"replies":[{"embeddable":true,"href":"https:\/\/tischner.pl\/zyciorys\/wp-json\/wp\/v2\/comments?post=5736"}],"version-history":[{"count":6,"href":"https:\/\/tischner.pl\/zyciorys\/wp-json\/wp\/v2\/pages\/5736\/revisions"}],"predecessor-version":[{"id":5746,"href":"https:\/\/tischner.pl\/zyciorys\/wp-json\/wp\/v2\/pages\/5736\/revisions\/5746"}],"wp:attachment":[{"href":"https:\/\/tischner.pl\/zyciorys\/wp-json\/wp\/v2\/media?parent=5736"}],"curies":[{"name":"wp","href":"https:\/\/api.w.org\/{rel}","templated":true}]}}