{"id":11,"date":"2017-03-23T12:57:06","date_gmt":"2017-03-23T11:57:06","guid":{"rendered":"http:\/\/tischner.pl\/zyciorys\/?page_id=11"},"modified":"2017-05-10T23:13:19","modified_gmt":"2017-05-10T21:13:19","slug":"strona-glowna","status":"publish","type":"page","link":"https:\/\/tischner.pl\/zyciorys\/","title":{"rendered":"Strona g\u0142\u00f3wna"},"content":{"rendered":"<p><div class=\"fusion-fullwidth fullwidth-box fusion-builder-row-1 nonhundred-percent-fullwidth non-hundred-percent-height-scrolling\" style=\"background-color: rgba(255,255,255,0);background-position: center center;background-repeat: no-repeat;padding-top:0px;padding-right:0px;padding-bottom:0px;padding-left:0px;margin-bottom: 0px;margin-top: 0px;border-width: 0px 0px 0px 0px;border-color:#eae9e9;border-style:solid;\" ><div class=\"fusion-builder-row fusion-row\"><div class=\"fusion-layout-column fusion_builder_column fusion-builder-column-0 fusion_builder_column_1_1 1_1 fusion-one-full fusion-column-first fusion-column-last\" style=\"margin-top:0px;margin-bottom:20px;\"><div class=\"fusion-column-wrapper fusion-flex-column-wrapper-legacy\" style=\"background-position:left top;background-repeat:no-repeat;-webkit-background-size:cover;-moz-background-size:cover;-o-background-size:cover;background-size:cover;padding: 0px 0px 0px 0px;\"><style type=\"text\/css\"><\/style><div class=\"fusion-title title fusion-title-1 fusion-sep-none fusion-title-text fusion-title-size-three\" style=\"margin-top:0px;margin-bottom:31px;\"><h3 class=\"title-heading-left\" style=\"margin:0;\"><p style=\"text-align: center;\"><strong>\u201cCzasami si\u0119 \u015bmiej\u0119, \u017ce jestem najpierw cz\u0142owiekiem, potem filozofem, potem d\u0142ugo, d\u0142ugo nic, a dopiero potem ksi\u0119dzem\u201d<\/strong><\/p><\/h3><\/div><div class=\"fusion-clearfix\"><\/div><\/div><\/div><\/div><\/div><div class=\"fusion-fullwidth fullwidth-box fusion-builder-row-2 nonhundred-percent-fullwidth non-hundred-percent-height-scrolling\" style=\"background-color: #f5f5f5;background-position: center center;background-repeat: no-repeat;padding-top:0px;padding-right:0px;padding-bottom:0px;padding-left:0px;margin-bottom: 0px;margin-top: 0px;border-width: 0px 0px 0px 0px;border-color:#eae9e9;border-style:solid;\" ><div class=\"fusion-builder-row fusion-row\"><div class=\"fusion-layout-column fusion_builder_column fusion-builder-column-1 fusion_builder_column_1_3 1_3 fusion-one-third fusion-column-first\" style=\"width:33.333333333333%;width:calc(33.333333333333% - ( ( 4% ) * 0.33333333333333 ) );margin-right: 4%;margin-top:0px;margin-bottom:0px;\"><div class=\"fusion-column-wrapper fusion-flex-column-wrapper-legacy\" style=\"background-position:left top;background-repeat:no-repeat;-webkit-background-size:cover;-moz-background-size:cover;-o-background-size:cover;background-size:cover;padding: 0px 0px 0px 0px;\"><span class=\" fusion-imageframe imageframe-none imageframe-1 hover-type-none\" style=\"margin-right:25px;float:left;\"><img decoding=\"async\" width=\"430\" image_height=\"345\" image_id=\"5874\" title=\"home-sek-01\" src=\"http:\/\/tischner.pl\/zyciorys\/wp-content\/uploads\/2017\/03\/home-sek-01.png\" class=\"img-responsive wp-image-5874\" srcset=\"https:\/\/tischner.pl\/zyciorys\/wp-content\/uploads\/2017\/03\/home-sek-01-200x160.png 200w, https:\/\/tischner.pl\/zyciorys\/wp-content\/uploads\/2017\/03\/home-sek-01-400x321.png 400w, https:\/\/tischner.pl\/zyciorys\/wp-content\/uploads\/2017\/03\/home-sek-01.png 430w\" sizes=\"(max-width: 800px) 100vw, 400px\" \/><\/span><div class=\"fusion-clearfix\"><\/div><\/div><\/div><div class=\"fusion-layout-column fusion_builder_column fusion-builder-column-2 fusion_builder_column_2_3 2_3 fusion-two-third fusion-column-last\" style=\"width:66.666666666667%;width:calc(66.666666666667% - ( ( 4% ) * 0.66666666666667 ) );margin-top:0px;margin-bottom:0px;\"><div class=\"fusion-column-wrapper fusion-flex-column-wrapper-legacy\" style=\"background-position:left top;background-repeat:no-repeat;-webkit-background-size:cover;-moz-background-size:cover;-o-background-size:cover;background-size:cover;padding: 0px 0px 0px 0px;\"><style type=\"text\/css\"><\/style><div class=\"fusion-title title fusion-title-2 fusion-sep-none fusion-title-text fusion-title-size-one\" style=\"margin-top:20px;margin-bottom:31px;\"><h1 class=\"title-heading-left\" style=\"margin:0;\"><p style=\"text-align: right;\">\u017byciorys<\/p><\/h1><\/div><div class=\"fusion-text fusion-text-1\"><p>Ks. J\u00f3zef Tischner budzi\u0142 zaufanie jako cz\u0142owiek, inspirowa\u0142 jako filozof, uczy\u0142 dojrza\u0142ej wiary jako kap\u0142an. By\u0142 cz\u0142owiekiem swojego czasu: nie ucieka\u0142 od aktualnych problem\u00f3w, ale pr\u00f3bowa\u0142 pom\u00f3c rodakom przej\u015b\u0107 przez kolejne zakr\u0119ty historii. Zostanie zapami\u0119tany jako nauczyciel wolno\u015bci, solidarno\u015bci i nadziei.<\/p>\n<\/div><div class=\"fusion-button-wrapper\"><style type=\"text\/css\">.fusion-button.button-1 {border-radius:2px;}<\/style><a class=\"fusion-button button-flat fusion-button-default-size button-default button-1 fusion-button-default-span fusion-button-default-type\" target=\"_self\" href=\"\/zyciorys\/zyciorys\/\"><span class=\"fusion-button-text\">Przejd\u017a do \u017cyciorysu<\/span><\/a><\/div><div class=\"fusion-clearfix\"><\/div><\/div><\/div><\/div><\/div><div class=\"fusion-fullwidth fullwidth-box fusion-builder-row-3 nonhundred-percent-fullwidth non-hundred-percent-height-scrolling\" style=\"background-color: rgba(255,255,255,0);background-position: center center;background-repeat: no-repeat;padding-top:0px;padding-right:0px;padding-bottom:0px;padding-left:0px;margin-bottom: 0px;margin-top: 0px;border-width: 0px 0px 0px 0px;border-color:#eae9e9;border-style:solid;\" ><div class=\"fusion-builder-row fusion-row\"><div class=\"fusion-layout-column fusion_builder_column fusion-builder-column-3 fusion_builder_column_2_3 2_3 fusion-two-third fusion-column-first\" style=\"width:66.666666666667%;width:calc(66.666666666667% - ( ( 4% ) * 0.66666666666667 ) );margin-right: 4%;margin-top:0px;margin-bottom:0px;\"><div class=\"fusion-column-wrapper fusion-flex-column-wrapper-legacy\" style=\"background-position:left top;background-repeat:no-repeat;-webkit-background-size:cover;-moz-background-size:cover;-o-background-size:cover;background-size:cover;padding: 0px 0px 0px 0px;\"><style type=\"text\/css\"><\/style><div class=\"fusion-title title fusion-title-3 fusion-sep-none fusion-title-text fusion-title-size-one\" style=\"margin-top:20px;margin-bottom:31px;\"><h1 class=\"title-heading-left\" style=\"margin:0;\">Powiedzieli o Tischnerze<\/h1><\/div><div class=\"fusion-text fusion-text-2\"><p>Ks. J\u00f3zef Tischner budzi\u0142 zaufanie jako cz\u0142owiek, inspirowa\u0142 jako filozof, uczy\u0142 dojrza\u0142ej wiary jako kap\u0142an. By\u0142 cz\u0142owiekiem swojego czasu: nie ucieka\u0142 od aktualnych problem\u00f3w, ale pr\u00f3bowa\u0142 pom\u00f3c rodakom przej\u015b\u0107 przez kolejne zakr\u0119ty historii. Zostanie zapami\u0119tany jako nauczyciel wolno\u015bci, solidarno\u015bci i nadziei.<\/p>\n<\/div><div class=\"fusion-button-wrapper\"><style type=\"text\/css\">.fusion-button.button-2 {border-radius:2px;}<\/style><a class=\"fusion-button button-flat fusion-button-default-size button-default button-2 fusion-button-default-span fusion-button-default-type\" target=\"_self\" href=\"\/zyciorys\/powiedzieli-o-tischnerze\/\"><span class=\"fusion-button-text\">Czytaj wi\u0119cej<\/span><\/a><\/div><div class=\"fusion-clearfix\"><\/div><\/div><\/div><div class=\"fusion-layout-column fusion_builder_column fusion-builder-column-4 fusion_builder_column_1_3 1_3 fusion-one-third fusion-column-last\" style=\"width:33.333333333333%;width:calc(33.333333333333% - ( ( 4% ) * 0.33333333333333 ) );margin-top:0px;margin-bottom:0px;\"><div class=\"fusion-column-wrapper fusion-flex-column-wrapper-legacy\" style=\"background-position:left top;background-repeat:no-repeat;-webkit-background-size:cover;-moz-background-size:cover;-o-background-size:cover;background-size:cover;padding: 20px 0px 0px 0px;\"><span class=\" fusion-imageframe imageframe-none imageframe-2 hover-type-none\" style=\"margin-left:25px;float:right;\"><img decoding=\"async\" width=\"221\" image_height=\"315\" image_id=\"5876\" title=\"home-sek-02\" src=\"http:\/\/tischner.pl\/zyciorys\/wp-content\/uploads\/2017\/03\/home-sek-02.png\" class=\"img-responsive wp-image-5876\" srcset=\"https:\/\/tischner.pl\/zyciorys\/wp-content\/uploads\/2017\/03\/home-sek-02-200x285.png 200w, https:\/\/tischner.pl\/zyciorys\/wp-content\/uploads\/2017\/03\/home-sek-02.png 221w\" sizes=\"(max-width: 800px) 100vw, 221px\" \/><\/span><div class=\"fusion-clearfix\"><\/div><\/div><\/div><\/div><\/div><div class=\"fusion-fullwidth fullwidth-box fusion-builder-row-4 nonhundred-percent-fullwidth non-hundred-percent-height-scrolling\" style=\"background-color: #f5f5f5;background-position: center center;background-repeat: no-repeat;padding-top:0px;padding-right:0px;padding-bottom:0px;padding-left:0px;margin-bottom: 0px;margin-top: 0px;border-width: 0px 0px 0px 0px;border-color:#eae9e9;border-style:solid;\" ><div class=\"fusion-builder-row fusion-row\"><div class=\"fusion-layout-column fusion_builder_column fusion-builder-column-5 fusion_builder_column_1_3 1_3 fusion-one-third fusion-column-first\" style=\"width:33.333333333333%;width:calc(33.333333333333% - ( ( 4% ) * 0.33333333333333 ) );margin-right: 4%;margin-top:0px;margin-bottom:0px;\"><div class=\"fusion-column-wrapper fusion-flex-column-wrapper-legacy\" style=\"background-position:left top;background-repeat:no-repeat;-webkit-background-size:cover;-moz-background-size:cover;-o-background-size:cover;background-size:cover;padding: 30px 0px 0px 0px;\"><span class=\" fusion-imageframe imageframe-none imageframe-3 hover-type-none\" style=\"margin-right:25px;float:left;\"><img decoding=\"async\" width=\"460\" image_height=\"298\" image_id=\"5875\" title=\"home-sek-03\" src=\"http:\/\/tischner.pl\/zyciorys\/wp-content\/uploads\/2017\/03\/home-sek-03.png\" class=\"img-responsive wp-image-5875\" srcset=\"https:\/\/tischner.pl\/zyciorys\/wp-content\/uploads\/2017\/03\/home-sek-03-200x130.png 200w, https:\/\/tischner.pl\/zyciorys\/wp-content\/uploads\/2017\/03\/home-sek-03-400x259.png 400w, https:\/\/tischner.pl\/zyciorys\/wp-content\/uploads\/2017\/03\/home-sek-03.png 460w\" sizes=\"(max-width: 800px) 100vw, 400px\" \/><\/span><div class=\"fusion-clearfix\"><\/div><\/div><\/div><div class=\"fusion-layout-column fusion_builder_column fusion-builder-column-6 fusion_builder_column_2_3 2_3 fusion-two-third fusion-column-last\" style=\"width:66.666666666667%;width:calc(66.666666666667% - ( ( 4% ) * 0.66666666666667 ) );margin-top:0px;margin-bottom:0px;\"><div class=\"fusion-column-wrapper fusion-flex-column-wrapper-legacy\" style=\"background-position:left top;background-repeat:no-repeat;-webkit-background-size:cover;-moz-background-size:cover;-o-background-size:cover;background-size:cover;padding: 0px 0px 20px 0px;\"><style type=\"text\/css\"><\/style><div class=\"fusion-title title fusion-title-4 fusion-sep-none fusion-title-text fusion-title-size-one\" style=\"margin-top:20px;margin-bottom:31px;\"><h1 class=\"title-heading-left\" style=\"margin:0;\"><p style=\"text-align: right;\">Kalendarium<\/p><\/h1><\/div><div class=\"fusion-text fusion-text-3\"><p>Ks. J\u00f3zef Tischner budzi\u0142 zaufanie jako cz\u0142owiek, inspirowa\u0142 jako filozof, uczy\u0142 dojrza\u0142ej wiary jako kap\u0142an. By\u0142 cz\u0142owiekiem swojego czasu: nie ucieka\u0142 od aktualnych problem\u00f3w, ale pr\u00f3bowa\u0142 pom\u00f3c rodakom przej\u015b\u0107 przez kolejne zakr\u0119ty historii. Zostanie zapami\u0119tany jako nauczyciel wolno\u015bci, solidarno\u015bci i nadziei.<\/p>\n<\/div><div class=\"fusion-button-wrapper\"><style type=\"text\/css\">.fusion-button.button-3 {border-radius:2px;}<\/style><a class=\"fusion-button button-flat fusion-button-default-size button-default button-3 fusion-button-default-span fusion-button-default-type\" target=\"_self\" href=\"\/zyciorys\/kalendarium\/\"><span class=\"fusion-button-text\">Czytaj wi\u0119cej<\/span><\/a><\/div><div class=\"fusion-clearfix\"><\/div><\/div><\/div><\/div><\/div><div class=\"fusion-fullwidth fullwidth-box fusion-builder-row-5 nonhundred-percent-fullwidth non-hundred-percent-height-scrolling\" style=\"background-color: rgba(255,255,255,0);background-position: center center;background-repeat: no-repeat;padding-top:50px;padding-right:0px;padding-bottom:50px;padding-left:0px;margin-bottom: 0px;margin-top: 0px;border-width: 0px 0px 0px 0px;border-color:#eae9e9;border-style:solid;\" ><div class=\"fusion-builder-row fusion-row\"><div class=\"fusion-layout-column fusion_builder_column fusion-builder-column-7 fusion_builder_column_1_4 1_4 fusion-one-fourth fusion-column-first\" style=\"width:25%;width:calc(25% - ( ( 4% + 4% + 4% ) * 0.25 ) );margin-right: 4%;margin-top:0px;margin-bottom:20px;\"><div class=\"fusion-column-wrapper fusion-flex-column-wrapper-legacy\" style=\"background-position:left top;background-repeat:no-repeat;-webkit-background-size:cover;-moz-background-size:cover;-o-background-size:cover;background-size:cover;padding: 0px 0px 0px 0px;\"><div class=\"imageframe-liftup\"><span class=\" fusion-imageframe imageframe-none imageframe-4\"><a class=\"fusion-no-lightbox\" href=\"http:\/\/dni.tischner.pl\/\" target=\"_self\" aria-label=\"glowna-box-dni\"><img decoding=\"async\" width=\"376\" image_height=\"350\" image_id=\"4087\" src=\"http:\/\/tischner.pl\/zyciorys\/wp-content\/uploads\/2017\/03\/glowna-box-dni.jpg\" class=\"img-responsive wp-image-4087\" srcset=\"https:\/\/tischner.pl\/zyciorys\/wp-content\/uploads\/2017\/03\/glowna-box-dni-200x186.jpg 200w, https:\/\/tischner.pl\/zyciorys\/wp-content\/uploads\/2017\/03\/glowna-box-dni.jpg 376w\" sizes=\"(max-width: 800px) 100vw, 376px\" \/><\/a><\/span><\/div><div class=\"fusion-clearfix\"><\/div><\/div><\/div><div class=\"fusion-layout-column fusion_builder_column fusion-builder-column-8 fusion_builder_column_1_4 1_4 fusion-one-fourth\" style=\"width:25%;width:calc(25% - ( ( 4% + 4% + 4% ) * 0.25 ) );margin-right: 4%;margin-top:0px;margin-bottom:20px;\"><div class=\"fusion-column-wrapper fusion-flex-column-wrapper-legacy\" style=\"background-position:left top;background-repeat:no-repeat;-webkit-background-size:cover;-moz-background-size:cover;-o-background-size:cover;background-size:cover;padding: 0px 0px 0px 0px;\"><div class=\"imageframe-liftup\"><span class=\" fusion-imageframe imageframe-none imageframe-5\"><a class=\"fusion-no-lightbox\" href=\"http:\/\/nagrodatischnera.pl\/\" target=\"_self\" aria-label=\"glowna-box-nagroda\"><img decoding=\"async\" width=\"376\" image_height=\"350\" image_id=\"4088\" src=\"http:\/\/tischner.pl\/zyciorys\/wp-content\/uploads\/2017\/03\/glowna-box-nagroda.jpg\" class=\"img-responsive wp-image-4088\" srcset=\"https:\/\/tischner.pl\/zyciorys\/wp-content\/uploads\/2017\/03\/glowna-box-nagroda-200x186.jpg 200w, https:\/\/tischner.pl\/zyciorys\/wp-content\/uploads\/2017\/03\/glowna-box-nagroda.jpg 376w\" sizes=\"(max-width: 800px) 100vw, 376px\" \/><\/a><\/span><\/div><div class=\"fusion-clearfix\"><\/div><\/div><\/div><div class=\"fusion-layout-column fusion_builder_column fusion-builder-column-9 fusion_builder_column_1_4 1_4 fusion-one-fourth\" style=\"width:25%;width:calc(25% - ( ( 4% + 4% + 4% ) * 0.25 ) );margin-right: 4%;margin-top:0px;margin-bottom:20px;\"><div class=\"fusion-column-wrapper fusion-flex-column-wrapper-legacy\" style=\"background-position:left top;background-repeat:no-repeat;-webkit-background-size:cover;-moz-background-size:cover;-o-background-size:cover;background-size:cover;padding: 0px 0px 0px 0px;\"><div class=\"imageframe-liftup\"><span class=\" fusion-imageframe imageframe-none imageframe-6\"><a class=\"fusion-no-lightbox\" href=\"http:\/\/tischner.pl\/zyciorys\" target=\"_self\" aria-label=\"glowna-box-zyciorys\"><img decoding=\"async\" width=\"376\" image_height=\"350\" image_id=\"4090\" src=\"http:\/\/tischner.pl\/zyciorys\/wp-content\/uploads\/2017\/03\/glowna-box-zyciorys.jpg\" class=\"img-responsive wp-image-4090\" srcset=\"https:\/\/tischner.pl\/zyciorys\/wp-content\/uploads\/2017\/03\/glowna-box-zyciorys-200x186.jpg 200w, https:\/\/tischner.pl\/zyciorys\/wp-content\/uploads\/2017\/03\/glowna-box-zyciorys.jpg 376w\" sizes=\"(max-width: 800px) 100vw, 376px\" \/><\/a><\/span><\/div><div class=\"fusion-clearfix\"><\/div><\/div><\/div><div class=\"fusion-layout-column fusion_builder_column fusion-builder-column-10 fusion_builder_column_1_4 1_4 fusion-one-fourth fusion-column-last\" style=\"width:25%;width:calc(25% - ( ( 4% + 4% + 4% ) * 0.25 ) );margin-top:0px;margin-bottom:20px;\"><div class=\"fusion-column-wrapper fusion-flex-column-wrapper-legacy\" style=\"background-position:left top;background-repeat:no-repeat;-webkit-background-size:cover;-moz-background-size:cover;-o-background-size:cover;background-size:cover;padding: 0px 0px 0px 0px;\"><div class=\"imageframe-liftup\"><span class=\" fusion-imageframe imageframe-none imageframe-7\"><a class=\"fusion-no-lightbox\" href=\"http:\/\/www.wydawnictwoznak.pl\/autor\/ks-Jozef-Tischner\/1469\" target=\"_self\" aria-label=\"glowna-box-wznaku\"><img decoding=\"async\" width=\"376\" image_height=\"350\" image_id=\"4089\" src=\"http:\/\/tischner.pl\/zyciorys\/wp-content\/uploads\/2017\/03\/glowna-box-wznaku.jpg\" class=\"img-responsive wp-image-4089\" srcset=\"https:\/\/tischner.pl\/zyciorys\/wp-content\/uploads\/2017\/03\/glowna-box-wznaku-200x186.jpg 200w, https:\/\/tischner.pl\/zyciorys\/wp-content\/uploads\/2017\/03\/glowna-box-wznaku.jpg 376w\" sizes=\"(max-width: 800px) 100vw, 376px\" \/><\/a><\/span><\/div><div class=\"fusion-clearfix\"><\/div><\/div><\/div><\/div><\/div><\/p>\n","protected":false},"excerpt":{"rendered":"","protected":false},"author":1,"featured_media":0,"parent":0,"menu_order":0,"comment_status":"closed","ping_status":"closed","template":"100-width.php","meta":[],"_links":{"self":[{"href":"https:\/\/tischner.pl\/zyciorys\/wp-json\/wp\/v2\/pages\/11"}],"collection":[{"href":"https:\/\/tischner.pl\/zyciorys\/wp-json\/wp\/v2\/pages"}],"about":[{"href":"https:\/\/tischner.pl\/zyciorys\/wp-json\/wp\/v2\/types\/page"}],"author":[{"embeddable":true,"href":"https:\/\/tischner.pl\/zyciorys\/wp-json\/wp\/v2\/users\/1"}],"replies":[{"embeddable":true,"href":"https:\/\/tischner.pl\/zyciorys\/wp-json\/wp\/v2\/comments?post=11"}],"version-history":[{"count":38,"href":"https:\/\/tischner.pl\/zyciorys\/wp-json\/wp\/v2\/pages\/11\/revisions"}],"predecessor-version":[{"id":5886,"href":"https:\/\/tischner.pl\/zyciorys\/wp-json\/wp\/v2\/pages\/11\/revisions\/5886"}],"wp:attachment":[{"href":"https:\/\/tischner.pl\/zyciorys\/wp-json\/wp\/v2\/media?parent=11"}],"curies":[{"name":"wp","href":"https:\/\/api.w.org\/{rel}","templated":true}]}}